{"id":22564,"date":"2022-04-20T08:12:38","date_gmt":"2022-04-20T06:12:38","guid":{"rendered":"https:\/\/www.hmg-systems-engineering.com\/imprenta\/"},"modified":"2023-08-04T09:34:20","modified_gmt":"2023-08-04T07:34:20","slug":"imprenta","status":"publish","type":"page","link":"https:\/\/www.hmg-systems-engineering.com\/es\/imprenta\/","title":{"rendered":"Aviso legal"},"content":{"rendered":"\t\t<div data-elementor-type=\"wp-page\" data-elementor-id=\"22564\" class=\"elementor elementor-22564 elementor-3203\" data-elementor-settings=\"{&quot;ha_cmc_init_switcher&quot;:&quot;no&quot;}\" data-elementor-post-type=\"page\">\n\t\t\t\t\t\t<section class=\"has_eae_slider elementor-section elementor-top-section elementor-element elementor-element-37f7da3 elementor-section-height-min-height elementor-section-boxed elementor-section-height-default elementor-section-items-middle\" data-id=\"37f7da3\" data-element_type=\"section\" data-settings=\"{&quot;background_background&quot;:&quot;classic&quot;,&quot;_ha_eqh_enable&quot;:false}\">\n\t\t\t\t\t\t\t<div class=\"elementor-background-overlay\"><\/div>\n\t\t\t\t\t\t\t<div class=\"elementor-container elementor-column-gap-default\">\n\t\t\t\t\t<div class=\"has_eae_slider elementor-column elementor-col-100 elementor-top-column elementor-element elementor-element-c180eb7\" data-id=\"c180eb7\" data-element_type=\"column\">\n\t\t\t<div class=\"elementor-widget-wrap\">\n\t\t\t\t\t\t\t<\/div>\n\t\t<\/div>\n\t\t\t\t\t<\/div>\n\t\t<\/section>\n\t\t\t\t<section class=\"has_eae_slider elementor-section elementor-top-section elementor-element elementor-element-7b945954 elementor-section-boxed elementor-section-height-default elementor-section-height-default\" data-id=\"7b945954\" data-element_type=\"section\" data-settings=\"{&quot;_ha_eqh_enable&quot;:false}\">\n\t\t\t\t\t\t<div class=\"elementor-container elementor-column-gap-default\">\n\t\t\t\t\t<div class=\"has_eae_slider elementor-column elementor-col-100 elementor-top-column elementor-element elementor-element-3f3a5c03\" data-id=\"3f3a5c03\" data-element_type=\"column\">\n\t\t\t<div class=\"elementor-widget-wrap elementor-element-populated\">\n\t\t\t\t\t\t<div class=\"elementor-element elementor-element-fad218f elementor-widget-divider--view-line elementor-widget elementor-widget-divider\" data-id=\"fad218f\" data-element_type=\"widget\" data-widget_type=\"divider.default\">\n\t\t\t\t<div class=\"elementor-widget-container\">\n\t\t\t\t\t<div class=\"elementor-divider\">\n\t\t\t<span class=\"elementor-divider-separator\">\n\t\t\t\t\t\t<\/span>\n\t\t<\/div>\n\t\t\t\t<\/div>\n\t\t\t\t<\/div>\n\t\t\t\t<div class=\"elementor-element elementor-element-7682fac0 elementor-widget elementor-widget-heading\" data-id=\"7682fac0\" data-element_type=\"widget\" data-widget_type=\"heading.default\">\n\t\t\t\t<div class=\"elementor-widget-container\">\n\t\t\t<h1 class=\"elementor-heading-title elementor-size-default\">Aviso legal - HMG Systems Engineering GmbH<\/h1>\t\t<\/div>\n\t\t\t\t<\/div>\n\t\t\t\t<div class=\"elementor-element elementor-element-81db83a elementor-widget-divider--view-line elementor-widget elementor-widget-divider\" data-id=\"81db83a\" data-element_type=\"widget\" data-widget_type=\"divider.default\">\n\t\t\t\t<div class=\"elementor-widget-container\">\n\t\t\t\t\t<div class=\"elementor-divider\">\n\t\t\t<span class=\"elementor-divider-separator\">\n\t\t\t\t\t\t<\/span>\n\t\t<\/div>\n\t\t\t\t<\/div>\n\t\t\t\t<\/div>\n\t\t\t\t<div class=\"elementor-element elementor-element-a7710f3 elementor-widget elementor-widget-text-editor\" data-id=\"a7710f3\" data-element_type=\"widget\" data-widget_type=\"text-editor.default\">\n\t\t\t\t<div class=\"elementor-widget-container\">\n\t\t\t\t\t\t\t<p><span style=\"font-weight: bold;\">Oficina principal:<\/span><\/p>\n<p>Ullsteinstr. 4<\/p>\n<p>90763 F\u00fcrth, Alemania<\/p>\n<p>Tel: +49 911 979 10 850<\/p>\n<p>Fax: +49 911 979 10 851<\/p>\n<p>E-Mail: info@munoz-galeano.com<\/p>\n<p>URL: www.hmg-systems-engineering.com<\/p>\t\t\t\t\t\t<\/div>\n\t\t\t\t<\/div>\n\t\t\t\t<div class=\"elementor-element elementor-element-0e55ba6 elementor-widget elementor-widget-text-editor\" data-id=\"0e55ba6\" data-element_type=\"widget\" data-widget_type=\"text-editor.default\">\n\t\t\t\t<div class=\"elementor-widget-container\">\n\t\t\t\t\t\t\t<p><span style=\"font-weight: bold;\">Directora General:<\/span> Herna Mu\u00f1oz-Galeano Dipl.Ing. Dipl.Inf.<\/p>\n\t\t\t\t\t\t<\/div>\n\t\t\t\t<\/div>\n\t\t\t\t<div class=\"elementor-element elementor-element-86f8b14 elementor-widget elementor-widget-text-editor\" data-id=\"86f8b14\" data-element_type=\"widget\" data-widget_type=\"text-editor.default\">\n\t\t\t\t<div class=\"elementor-widget-container\">\n\t\t\t\t\t\t\t<p><span style=\"font-weight: bold;\">Juzgado del registro:&nbsp;<\/span><span style=\"font-size: 1rem;\">F\u00fcrth, HRB<\/span><\/p><p><span style=\"color: var( --e-global-color-primary ); font-family: var( --e-global-typography-accent-font-family ), Arial; font-size: var( --e-global-typography-accent-font-size ); letter-spacing: var( --e-global-typography-accent-letter-spacing ); font-weight: bold;\">N\u00famero de identificaci\u00f3n fiscal:<\/span><span style=\"color: var( --e-global-color-primary ); font-family: var( --e-global-typography-accent-font-family ), Arial; font-size: var( --e-global-typography-accent-font-size ); font-weight: var( --e-global-typography-accent-font-weight ); letter-spacing: var( --e-global-typography-accent-letter-spacing );\"> DE293443892<\/span><br><\/p>\t\t\t\t\t\t<\/div>\n\t\t\t\t<\/div>\n\t\t\t\t<div class=\"elementor-element elementor-element-46182a32 elementor-widget elementor-widget-text-editor\" data-id=\"46182a32\" data-element_type=\"widget\" data-widget_type=\"text-editor.default\">\n\t\t\t\t<div class=\"elementor-widget-container\">\n\t\t\t\t\t\t\t<p><\/p>\n<p><b style=\"font-size: 1rem;\">Responsable en el sentido del p\u00e1rrafo 55, secci\u00f3n 2 del Tratado Interestatal de Radiodifusi\u00f3n:<\/b> <span style=\"font-size: 1rem;\">Herna Mu\u00f1oz-Galeano<\/span><br><\/p>\t\t\t\t\t\t<\/div>\n\t\t\t\t<\/div>\n\t\t\t\t\t<\/div>\n\t\t<\/div>\n\t\t\t\t\t<\/div>\n\t\t<\/section>\n\t\t\t\t<\/div>\n\t\t","protected":false},"excerpt":{"rendered":"<p>Aviso legal &#8211; HMG Systems Engineering GmbH Oficina principal: Ullsteinstr. 4 90763 F\u00fcrth, Alemania Tel: +49 911 979 10 850 Fax: +49 911 979 10 851 E-Mail: info@munoz-galeano.com URL: www.hmg-systems-engineering.com Directora General: Herna Mu\u00f1oz-Galeano Dipl.Ing. Dipl.Inf. Juzgado del registro:&nbsp;F\u00fcrth, HRB N\u00famero de identificaci\u00f3n fiscal: DE293443892 Responsable en el sentido del p\u00e1rrafo 55, secci\u00f3n 2 del [&hellip;]<\/p>\n","protected":false},"author":3,"featured_media":0,"parent":0,"menu_order":0,"comment_status":"closed","ping_status":"closed","template":"","meta":{"_monsterinsights_skip_tracking":false,"_monsterinsights_sitenote_active":false,"_monsterinsights_sitenote_note":"","_monsterinsights_sitenote_category":0,"footnotes":""},"class_list":["post-22564","page","type-page","status-publish","hentry"],"yoast_head":"<!-- This site is optimized with the Yoast SEO plugin v25.0 - https:\/\/yoast.com\/wordpress\/plugins\/seo\/ -->\n<title>Aviso legal - HMG Systems Engineering GmbH<\/title>\n<meta name=\"robots\" content=\"index, follow, max-snippet:-1, max-image-preview:large, max-video-preview:-1\" \/>\n<link rel=\"canonical\" href=\"https:\/\/www.hmg-systems-engineering.com\/es\/imprenta\/\" \/>\n<meta property=\"og:locale\" content=\"es_ES\" \/>\n<meta property=\"og:type\" content=\"article\" \/>\n<meta property=\"og:title\" content=\"Aviso legal - HMG Systems Engineering GmbH\" \/>\n<meta property=\"og:description\" content=\"Aviso legal &#8211; HMG Systems Engineering GmbH Oficina principal: Ullsteinstr. 4 90763 F\u00fcrth, Alemania Tel: +49 911 979 10 850 Fax: +49 911 979 10 851 E-Mail: info@munoz-galeano.com URL: www.hmg-systems-engineering.com Directora General: Herna Mu\u00f1oz-Galeano Dipl.Ing. Dipl.Inf. Juzgado del registro:&nbsp;F\u00fcrth, HRB N\u00famero de identificaci\u00f3n fiscal: DE293443892 Responsable en el sentido del p\u00e1rrafo 55, secci\u00f3n 2 del [&hellip;]\" \/>\n<meta property=\"og:url\" content=\"https:\/\/www.hmg-systems-engineering.com\/es\/imprenta\/\" \/>\n<meta property=\"og:site_name\" content=\"HMG Systems Engineering GmbH\" \/>\n<meta property=\"article:modified_time\" content=\"2023-08-04T07:34:20+00:00\" \/>\n<meta name=\"twitter:card\" content=\"summary_large_image\" \/>\n<meta name=\"twitter:label1\" content=\"Tiempo de lectura\" \/>\n\t<meta name=\"twitter:data1\" content=\"1 minuto\" \/>\n<script type=\"application\/ld+json\" class=\"yoast-schema-graph\">{\"@context\":\"https:\/\/schema.org\",\"@graph\":[{\"@type\":\"WebPage\",\"@id\":\"https:\/\/www.hmg-systems-engineering.com\/es\/imprenta\/\",\"url\":\"https:\/\/www.hmg-systems-engineering.com\/es\/imprenta\/\",\"name\":\"Aviso legal - HMG Systems Engineering GmbH\",\"isPartOf\":{\"@id\":\"https:\/\/www.hmg-systems-engineering.com\/#website\"},\"datePublished\":\"2022-04-20T06:12:38+00:00\",\"dateModified\":\"2023-08-04T07:34:20+00:00\",\"breadcrumb\":{\"@id\":\"https:\/\/www.hmg-systems-engineering.com\/es\/imprenta\/#breadcrumb\"},\"inLanguage\":\"es\",\"potentialAction\":[{\"@type\":\"ReadAction\",\"target\":[\"https:\/\/www.hmg-systems-engineering.com\/es\/imprenta\/\"]}]},{\"@type\":\"BreadcrumbList\",\"@id\":\"https:\/\/www.hmg-systems-engineering.com\/es\/imprenta\/#breadcrumb\",\"itemListElement\":[{\"@type\":\"ListItem\",\"position\":1,\"name\":\"Startseite\",\"item\":\"https:\/\/www.hmg-systems-engineering.com\/es\/\"},{\"@type\":\"ListItem\",\"position\":2,\"name\":\"Aviso legal\"}]},{\"@type\":\"WebSite\",\"@id\":\"https:\/\/www.hmg-systems-engineering.com\/#website\",\"url\":\"https:\/\/www.hmg-systems-engineering.com\/\",\"name\":\"HMG Systems Engineering GmbH\",\"description\":\"Wir sind Experten in der Entwicklung innovativer Systeme\",\"publisher\":{\"@id\":\"https:\/\/www.hmg-systems-engineering.com\/#organization\"},\"potentialAction\":[{\"@type\":\"SearchAction\",\"target\":{\"@type\":\"EntryPoint\",\"urlTemplate\":\"https:\/\/www.hmg-systems-engineering.com\/?s={search_term_string}\"},\"query-input\":{\"@type\":\"PropertyValueSpecification\",\"valueRequired\":true,\"valueName\":\"search_term_string\"}}],\"inLanguage\":\"es\"},{\"@type\":\"Organization\",\"@id\":\"https:\/\/www.hmg-systems-engineering.com\/#organization\",\"name\":\"HMG Systems Engineering GmbH\",\"url\":\"https:\/\/www.hmg-systems-engineering.com\/\",\"logo\":{\"@type\":\"ImageObject\",\"inLanguage\":\"es\",\"@id\":\"https:\/\/www.hmg-systems-engineering.com\/#\/schema\/logo\/image\/\",\"url\":\"https:\/\/www.hmg-systems-engineering.com\/wp-content\/uploads\/2021\/11\/HMG_Logo_A_300dpi_transparent-1.png\",\"contentUrl\":\"https:\/\/www.hmg-systems-engineering.com\/wp-content\/uploads\/2021\/11\/HMG_Logo_A_300dpi_transparent-1.png\",\"width\":1181,\"height\":472,\"caption\":\"HMG Systems Engineering GmbH\"},\"image\":{\"@id\":\"https:\/\/www.hmg-systems-engineering.com\/#\/schema\/logo\/image\/\"}}]}<\/script>\n<!-- \/ Yoast SEO plugin. -->","yoast_head_json":{"title":"Aviso legal - HMG Systems Engineering GmbH","robots":{"index":"index","follow":"follow","max-snippet":"max-snippet:-1","max-image-preview":"max-image-preview:large","max-video-preview":"max-video-preview:-1"},"canonical":"https:\/\/www.hmg-systems-engineering.com\/es\/imprenta\/","og_locale":"es_ES","og_type":"article","og_title":"Aviso legal - HMG Systems Engineering GmbH","og_description":"Aviso legal &#8211; HMG Systems Engineering GmbH Oficina principal: Ullsteinstr. 4 90763 F\u00fcrth, Alemania Tel: +49 911 979 10 850 Fax: +49 911 979 10 851 E-Mail: info@munoz-galeano.com URL: www.hmg-systems-engineering.com Directora General: Herna Mu\u00f1oz-Galeano Dipl.Ing. Dipl.Inf. Juzgado del registro:&nbsp;F\u00fcrth, HRB N\u00famero de identificaci\u00f3n fiscal: DE293443892 Responsable en el sentido del p\u00e1rrafo 55, secci\u00f3n 2 del [&hellip;]","og_url":"https:\/\/www.hmg-systems-engineering.com\/es\/imprenta\/","og_site_name":"HMG Systems Engineering GmbH","article_modified_time":"2023-08-04T07:34:20+00:00","twitter_card":"summary_large_image","twitter_misc":{"Tiempo de lectura":"1 minuto"},"schema":{"@context":"https:\/\/schema.org","@graph":[{"@type":"WebPage","@id":"https:\/\/www.hmg-systems-engineering.com\/es\/imprenta\/","url":"https:\/\/www.hmg-systems-engineering.com\/es\/imprenta\/","name":"Aviso legal - HMG Systems Engineering GmbH","isPartOf":{"@id":"https:\/\/www.hmg-systems-engineering.com\/#website"},"datePublished":"2022-04-20T06:12:38+00:00","dateModified":"2023-08-04T07:34:20+00:00","breadcrumb":{"@id":"https:\/\/www.hmg-systems-engineering.com\/es\/imprenta\/#breadcrumb"},"inLanguage":"es","potentialAction":[{"@type":"ReadAction","target":["https:\/\/www.hmg-systems-engineering.com\/es\/imprenta\/"]}]},{"@type":"BreadcrumbList","@id":"https:\/\/www.hmg-systems-engineering.com\/es\/imprenta\/#breadcrumb","itemListElement":[{"@type":"ListItem","position":1,"name":"Startseite","item":"https:\/\/www.hmg-systems-engineering.com\/es\/"},{"@type":"ListItem","position":2,"name":"Aviso legal"}]},{"@type":"WebSite","@id":"https:\/\/www.hmg-systems-engineering.com\/#website","url":"https:\/\/www.hmg-systems-engineering.com\/","name":"HMG Systems Engineering GmbH","description":"Wir sind Experten in der Entwicklung innovativer Systeme","publisher":{"@id":"https:\/\/www.hmg-systems-engineering.com\/#organization"},"potentialAction":[{"@type":"SearchAction","target":{"@type":"EntryPoint","urlTemplate":"https:\/\/www.hmg-systems-engineering.com\/?s={search_term_string}"},"query-input":{"@type":"PropertyValueSpecification","valueRequired":true,"valueName":"search_term_string"}}],"inLanguage":"es"},{"@type":"Organization","@id":"https:\/\/www.hmg-systems-engineering.com\/#organization","name":"HMG Systems Engineering GmbH","url":"https:\/\/www.hmg-systems-engineering.com\/","logo":{"@type":"ImageObject","inLanguage":"es","@id":"https:\/\/www.hmg-systems-engineering.com\/#\/schema\/logo\/image\/","url":"https:\/\/www.hmg-systems-engineering.com\/wp-content\/uploads\/2021\/11\/HMG_Logo_A_300dpi_transparent-1.png","contentUrl":"https:\/\/www.hmg-systems-engineering.com\/wp-content\/uploads\/2021\/11\/HMG_Logo_A_300dpi_transparent-1.png","width":1181,"height":472,"caption":"HMG Systems Engineering GmbH"},"image":{"@id":"https:\/\/www.hmg-systems-engineering.com\/#\/schema\/logo\/image\/"}}]}},"_links":{"self":[{"href":"https:\/\/www.hmg-systems-engineering.com\/es\/wp-json\/wp\/v2\/pages\/22564","targetHints":{"allow":["GET"]}}],"collection":[{"href":"https:\/\/www.hmg-systems-engineering.com\/es\/wp-json\/wp\/v2\/pages"}],"about":[{"href":"https:\/\/www.hmg-systems-engineering.com\/es\/wp-json\/wp\/v2\/types\/page"}],"author":[{"embeddable":true,"href":"https:\/\/www.hmg-systems-engineering.com\/es\/wp-json\/wp\/v2\/users\/3"}],"replies":[{"embeddable":true,"href":"https:\/\/www.hmg-systems-engineering.com\/es\/wp-json\/wp\/v2\/comments?post=22564"}],"version-history":[{"count":0,"href":"https:\/\/www.hmg-systems-engineering.com\/es\/wp-json\/wp\/v2\/pages\/22564\/revisions"}],"wp:attachment":[{"href":"https:\/\/www.hmg-systems-engineering.com\/es\/wp-json\/wp\/v2\/media?parent=22564"}],"curies":[{"name":"wp","href":"https:\/\/api.w.org\/{rel}","templated":true}]}}