{"id":22765,"date":"2022-04-20T08:33:14","date_gmt":"2022-04-20T06:33:14","guid":{"rendered":"https:\/\/www.hmg-systems-engineering.com\/proteccion-de-datos\/"},"modified":"2023-08-04T09:35:39","modified_gmt":"2023-08-04T07:35:39","slug":"proteccion-de-datos","status":"publish","type":"page","link":"https:\/\/www.hmg-systems-engineering.com\/es\/proteccion-de-datos\/","title":{"rendered":"Protecci\u00f3n de datos"},"content":{"rendered":"\t\t<div data-elementor-type=\"wp-page\" data-elementor-id=\"22765\" class=\"elementor elementor-22765 elementor-3249\" data-elementor-settings=\"{&quot;ha_cmc_init_switcher&quot;:&quot;no&quot;}\" data-elementor-post-type=\"page\">\n\t\t\t\t\t\t<section class=\"has_eae_slider elementor-section elementor-top-section elementor-element elementor-element-0cff534 elementor-section-height-min-height elementor-section-boxed elementor-section-height-default elementor-section-items-middle\" data-id=\"0cff534\" data-element_type=\"section\" data-settings=\"{&quot;background_background&quot;:&quot;classic&quot;,&quot;_ha_eqh_enable&quot;:false}\">\n\t\t\t\t\t\t\t<div class=\"elementor-background-overlay\"><\/div>\n\t\t\t\t\t\t\t<div class=\"elementor-container elementor-column-gap-default\">\n\t\t\t\t\t<div class=\"has_eae_slider elementor-column elementor-col-100 elementor-top-column elementor-element elementor-element-507f31f\" data-id=\"507f31f\" data-element_type=\"column\">\n\t\t\t<div class=\"elementor-widget-wrap\">\n\t\t\t\t\t\t\t<\/div>\n\t\t<\/div>\n\t\t\t\t\t<\/div>\n\t\t<\/section>\n\t\t\t\t<section class=\"has_eae_slider elementor-section elementor-top-section elementor-element elementor-element-35431947 elementor-section-boxed elementor-section-height-default elementor-section-height-default\" data-id=\"35431947\" data-element_type=\"section\" data-settings=\"{&quot;_ha_eqh_enable&quot;:false}\">\n\t\t\t\t\t\t<div class=\"elementor-container elementor-column-gap-default\">\n\t\t\t\t\t<div class=\"has_eae_slider elementor-column elementor-col-100 elementor-top-column elementor-element elementor-element-47acff10\" data-id=\"47acff10\" data-element_type=\"column\">\n\t\t\t<div class=\"elementor-widget-wrap elementor-element-populated\">\n\t\t\t\t\t\t<div class=\"elementor-element elementor-element-1c3bb8fe elementor-widget-divider--view-line elementor-widget elementor-widget-divider\" data-id=\"1c3bb8fe\" data-element_type=\"widget\" data-widget_type=\"divider.default\">\n\t\t\t\t<div class=\"elementor-widget-container\">\n\t\t\t\t\t<div class=\"elementor-divider\">\n\t\t\t<span class=\"elementor-divider-separator\">\n\t\t\t\t\t\t<\/span>\n\t\t<\/div>\n\t\t\t\t<\/div>\n\t\t\t\t<\/div>\n\t\t\t\t<div class=\"elementor-element elementor-element-2e5df349 elementor-widget elementor-widget-heading\" data-id=\"2e5df349\" data-element_type=\"widget\" data-widget_type=\"heading.default\">\n\t\t\t\t<div class=\"elementor-widget-container\">\n\t\t\t<h1 class=\"elementor-heading-title elementor-size-default\">Protecci\u00f3n de datos<\/h1>\t\t<\/div>\n\t\t\t\t<\/div>\n\t\t\t\t<div class=\"elementor-element elementor-element-3cc46fb2 elementor-widget-divider--view-line elementor-widget elementor-widget-divider\" data-id=\"3cc46fb2\" data-element_type=\"widget\" data-widget_type=\"divider.default\">\n\t\t\t\t<div class=\"elementor-widget-container\">\n\t\t\t\t\t<div class=\"elementor-divider\">\n\t\t\t<span class=\"elementor-divider-separator\">\n\t\t\t\t\t\t<\/span>\n\t\t<\/div>\n\t\t\t\t<\/div>\n\t\t\t\t<\/div>\n\t\t\t\t\t<\/div>\n\t\t<\/div>\n\t\t\t\t\t<\/div>\n\t\t<\/section>\n\t\t\t\t<section class=\"has_eae_slider elementor-section elementor-top-section elementor-element elementor-element-a9faa76 elementor-section-boxed elementor-section-height-default elementor-section-height-default\" data-id=\"a9faa76\" data-element_type=\"section\" data-settings=\"{&quot;_ha_eqh_enable&quot;:false}\">\n\t\t\t\t\t\t<div class=\"elementor-container elementor-column-gap-default\">\n\t\t\t\t\t<div class=\"has_eae_slider elementor-column elementor-col-100 elementor-top-column elementor-element elementor-element-0ce2770\" data-id=\"0ce2770\" data-element_type=\"column\">\n\t\t\t<div class=\"elementor-widget-wrap elementor-element-populated\">\n\t\t\t\t\t\t<div class=\"elementor-element elementor-element-3cbd63f elementor-widget elementor-widget-text-editor\" data-id=\"3cbd63f\" data-element_type=\"widget\" data-widget_type=\"text-editor.default\">\n\t\t\t\t<div class=\"elementor-widget-container\">\n\t\t\t\t\t\t\t<p><strong>Configuraci\u00f3n de cookies<\/strong><\/p>\n<a href=\"#\" class=\"_brlbs-btn-cookie-preference borlabs-cookie-preference\">Cambiar la configuraci\u00f3n de cookies<\/a>\n<p>Esta informaci\u00f3n sobre protecci\u00f3n de datos le informa sobre el procesamiento de sus datos personales cuando visita los sitios web de HMG Systems Engineering GmbH y utiliza los servicios que all\u00ed se ofrecen.<\/p>\n<p>Seg\u00fan el Reglamento General de Protecci\u00f3n de Datos (RGPD), los datos personales son cualquier informaci\u00f3n relativa a una persona f\u00edsica identificada o identificable (el \u00abinteresado\u00bb), por ejemplo, el nombre o la direcci\u00f3n de correo electr\u00f3nico. Una persona f\u00edsica identificable es aquella que puede ser identificada directa o indirectamente, por ejemplo, mediante caracteres de identificaci\u00f3n, datos de localizaci\u00f3n o incluso caracter\u00edsticas personales.<\/p>\n<p><b><br \/>A. Informaci\u00f3n general<\/b><\/p>\n<p><b><br \/>I. Responsable del tratamiento de datos personales<\/b><\/p>\n<p>HMG Systems Engineering GmbH, Ullsteinstrasse 4, 90763 F\u00fcrth, <a style=\"background-color: #ffffff;\" href=\"mailto:datenschutz@munoz-galeano.com\" target=\"_blank\" rel=\"noopener\">datenschutz@munoz-galeano.com<\/a><\/p>\n<p><b><br \/>II. Fines del tratamiento y fundamento jur\u00eddico respectivo<\/b><\/p>\n<p><b><br \/>1. el servicio de este sitio web; la comunicaci\u00f3n a trav\u00e9s de este sitio web<\/b><\/p>\n<p>La prestaci\u00f3n de nuestros servicios requiere el tratamiento de datos personales, como la direcci\u00f3n IP para la recuperaci\u00f3n de contenidos, al realizar consultas o en nuestras \u00e1reas de servicio en l\u00ednea<\/p>\n<p>1.1. Tambi\u00e9n tiene la opci\u00f3n de ponerse en contacto con nosotros a trav\u00e9s de un formulario de contacto o enviando un correo electr\u00f3nico a info@munoz-galeano.com. Para ello, recopilamos su direcci\u00f3n de correo electr\u00f3nico y su mensaje, a s\u00ed como otros datos que nos transmita en el formulario de contacto, como su nombre.<\/p>\n<p>1.2. Utilizamos cookies para ofrecer nuestro sitio web. Encontrar\u00e1 m\u00e1s informaci\u00f3n detallada sobre esto en el apartado \u00abB. Informaci\u00f3n especial\u00bb.<\/p>\n<p>1.3. El tratamiento de sus datos personales para la provisi\u00f3n de nuestro sitio web y para la comunicaci\u00f3n se basa en nuestro inter\u00e9s leg\u00edtimo, Art. 6 1 f) DSGVO. Para la provisi\u00f3n de este sitio web, es t\u00e9cnicamente necesario que procesemos ciertos datos personales (por ejemplo, la direcci\u00f3n IP). Para su comunicaci\u00f3n con nosotros, es necesario que tratemos los datos personales mencionados anteriormente.<\/p>\n<p>1.4. En el marco en el que es indispensable equilibrar los intereses, hemos sopesado su inter\u00e9s en la respectiva confidencialidad de sus datos personales y nuestros intereses en la prestaci\u00f3n de este sitio web y en ponernos en contacto con usted. Su inter\u00e9s en la confidencialidad pasa a un segundo plano en ambos casos. De lo contrario, no podr\u00edamos proporcionarle este sitio web (incluidas las funciones) ni responder a su solicitud de contacto.<\/p>\n<p><b>2. consentimiento publicitario<\/b><\/p>\n<p>Si nos da su consentimiento para hacer publicidad, trataremos sus datos personales para nuestros propios fines publicitarios. Por ejemplo, si se ha suscrito a nuestro bolet\u00edn de noticias por correo electr\u00f3nico mediante el procedimiento de \u00abopt-in doble\u00bb, le enviaremos correos electr\u00f3nicos de vez en cuando para informarle sobre nuestros productos, servicios, noticias y cualquier promoci\u00f3n.<\/p>\n<p>Su declaraci\u00f3n de consentimiento de conformidad con el Art. 6 p\u00e1rrafo 1 a) DSGVO es la base legal para que nosotros tratemos sus datos personales a este respecto. Puede revocar su consentimiento en cualquier momento con efecto para el futuro. Puede darse de baja de un bolet\u00edn informativo por correo electr\u00f3nico, por ejemplo, envi\u00e1ndonos un correo electr\u00f3nico con su solicitud de baja y\/o haciendo clic en el enlace \u00abdarse de baja\u00bb que figura en cada bolet\u00edn informativo por correo electr\u00f3nico.<\/p>\n<p><b><br \/>III. Criterios para el periodo de conservaci\u00f3n de los datos personales<\/b><\/p>\n<p>Eliminamos sus datos personales cuando el objetivo para el que fueron almacenados deja de ser aplicable y ninguna normativa legal nos obliga a conservarlos. Las evaluaciones estad\u00edsticas s\u00f3lo se realizan de forma an\u00f3nima.<\/p>\n<p><b><br \/>IV. Sus derechos como interesado<\/b><\/p>\n<p>De conformidad con el DSGVO, puede solicitarnos en cualquier momento que<\/p>\n<p>\u2022 le informemos sobre los datos personales que le conciernen y que tratamos (Art. 15 DSGVO)<br \/>\u2022 rectificar los datos personales que le conciernan y que sean inexactos (Art. 16 DS-GVO)<br \/>\u2022 I &#8211; eliminar (Art. 17 DSGVO), bloquear (Art. 18 DSGVO) y\/o liberar\/transferir (Art. 20 DSGVO) sus datos personales guardados por nosotros.<br \/>Tambi\u00e9n puede revocar un consentimiento en cualquier momento con efecto en el futuro.<\/p>\n<p>Para ejercer sus derechos y revocar su consentimiento, p\u00f3ngase en contacto con nosotros a trav\u00e9s de los datos de contacto indicados anteriormente.<\/p>\n<p>Si hace valer sus derechos frente a nosotros, procesaremos sus datos personales recogidos en este contexto para responder a su solicitud. Este tratamiento de datos es necesario para cumplir con una obligaci\u00f3n legal (Art. 6 p\u00e1rrafo 1 p. 1 lit. c DSGVO).<\/p>\n<p>Sin perjuicio de los derechos descritos frente a nosotros, puede presentar una reclamaci\u00f3n ante una autoridad de control de protecci\u00f3n de datos si considera que el tratamiento de los datos personales que le conciernen infringe el DSGVO (Art. 77 DSGVO).<\/p>\n<p><b>B. Informaciones especiales<\/b><\/p>\n<p><b>I. Seguridad<\/b><\/p>\n<p>Aplicamos medidas de seguridad t\u00e9cnicas y organizativas adecuadas para proteger los datos personales que tenemos bajo nuestro control contra manipulaciones accidentales o intencionadas, p\u00e9rdida, destrucci\u00f3n o contra el acceso de personas no autorizadas.<\/p>\n<p><b>II. Informaci\u00f3n recogida autom\u00e1ticamente<\/b><\/p>\n<p><b>1. uso de cookies<\/b><\/p>\n<p>Si usted permite el uso de cookies o herramientas de an\u00e1lisis en su dispositivo final, se utilizar\u00e1n \u00abcookies\u00bb en nuestros sitios web. Cookies son registros de datos que son almacenados por un servidor web en el dispositivo terminal (por ejemplo, ordenador, smartphone, tableta) del usuario. Cuando se vuelve a acceder a nuestro sitio web con el mismo dispositivo final, \u00e9stos se devuelven a nuestro sitio web (\u00abcookie de origen\u00bb) o a otro sitio web en el que se encuentre la cookie (\u00abcookie de terceros\u00bb). A trav\u00e9s de la informaci\u00f3n almacenada y devuelta (por ejemplo, el navegador de Internet y el sistema operativo utilizados; el nombre del dominio del sitio web del que procede; el tiempo medio de permanencia en el sitio web, las p\u00e1ginas visitadas), el sitio web correspondiente reconoce que usted ya ha accedido a \u00e9l y lo ha visitado con el navegador de su dispositivo final. Cuando accede a nuestros sitios web, se recopila autom\u00e1ticamente informaci\u00f3n de forma an\u00f3nima. Esto nos permite ofrecer al usuario un uso m\u00e1s efectivo y, en general, mejor de nuestras p\u00e1ginas web a lo largo del tiempo, mejorando el contenido y facilitando su uso. Los datos estad\u00edsticos recogidos nos ayudan a mejorar el rendimiento y el atractivo de nuestras p\u00e1ginas web. Utilizamos esta informaci\u00f3n para poder ofrecerle servicios e informaci\u00f3n m\u00e1s espec\u00edficamente adaptados a sus necesidades. Cualquier almacenamiento de datos personales por encima de la informaci\u00f3n anteriormente mencionada s\u00f3lo se llevar\u00e1 a cabo con su consentimiento expreso. Nuestras cookies permanecen en su dispositivo terminal durante cinco a\u00f1os, a menos que usted las elimine antes. La desactivaci\u00f3n de la funci\u00f3n de cookies en su navegador no restringe el uso de nuestros sitios web ni de los servicios ofrecidos.<\/p>\n<p><b>2. uso de Google Analytics<\/b><\/p>\n<p>En nuestras p\u00e1ginas web utilizamos Google Analytics, un servicio anal\u00edtico de web prestado por Google Inc, 1600 Amphitheatre Parkway, Mountain View, CA 94043, EE.UU. (\u00abGoogle\u00bb). Google Analytics utiliza \u00abcookies\u00bb, que son archivos de texto ubicados en su ordenador, para ayudar al website a analizar el uso del sitio web por parte de los usuarios. La instalaci\u00f3n de cookies de Google Analytics se basa en el Art. 6 (1) f) DSGVO. Como operador de este sitio web, tenemos un inter\u00e9s leg\u00edtimo en analizar el comportamiento de los usuarios con el fin de optimizar nuestro sitio web y posiblemente tambi\u00e9n la publicidad; su inter\u00e9s pasa a un segundo plano. La informaci\u00f3n que genera la cookie acerca de su uso de este sitio web se transmite normalmente a un servidor de Google en los Estados Unidos y se almacena all\u00ed. Sin embargo, al activar la anonimizaci\u00f3n de IP, su direcci\u00f3n IP ser\u00e1 acortada previamente por Google dentro de los estados miembros de la Uni\u00f3n Europea o en otros estados contratantes del Acuerdo sobre el Espacio Econ\u00f3mico Europeo.<\/p>\n<p>S\u00f3lo en casos excepcionales se transmitir\u00e1 la direcci\u00f3n IP completa a un servidor de Google en Estados Unidos y se acortar\u00e1 all\u00ed. Google usar\u00e1 esta informaci\u00f3n por cuenta nuestra con el prop\u00f3sito de seguir la pista de su uso del website, recopilando informes de la actividad del website y prest\u00e1ndonos otros servicios relacionados con la actividad del website y el uso de Internet. La direcci\u00f3n IP transmitida por su navegador como parte de Google Analytics no se combinar\u00e1 con otros datos de Google.<\/p>\n<p>Para m\u00e1s informaci\u00f3n sobre las condiciones de uso y protecci\u00f3n de datos de Googel, visite<\/p>\n<p><a href=\"https:\/\/policies.google.com\/terms\" target=\"_blank\" rel=\"noopener\">https:\/\/policies.google.com\/terms<\/a><br \/><a href=\"https:\/\/policies.google.com\/privacy\" target=\"_blank\" rel=\"noopener\">https:\/\/policies.google.com\/privacy<\/a><\/p>\n<p><b>Objeci\u00f3n contra Google Analytics:<\/b><\/p>\n<p>En general, puede impedir el tratamiento de sus datos de uso (incluida su direcci\u00f3n IP) por parte de Google en los sitios web descargando y instalando el plugin para navegador que encontrar\u00e1 en el siguiente enlace:<\/p>\n<p><a href=\"https:\/\/tools.google.com\/dlpage\/gaoptout\" target=\"_blank\" rel=\"noopener\">https:\/\/tools.google.com\/dlpage\/gaoptout<\/a><\/p>\n<p>tambi\u00e9n puede impedir que Google Analytics recopile sus datos de uso (\u00fanicamente) en nuestros sitios web haciendo clic en el siguiente enlace:<\/p>\n<p>Haga clic aqu\u00ed para excluirse de Google Analytics:<\/p>\n<p><code class=\" language-shortcode\"><div class=\"BorlabsCookie _brlbs-switch-consent\"><label class=\"_brlbs-btn-switch _brlbs-btn-switch--textRight\"><input type=\"checkbox\" id=\"borlabs-cookie-google-analytics\" data-cookie-group=\"statistics\" name=\"borlabsCookie[statistics][]\" value=\"google-analytics\" data-borlabs-cookie-switch \/><span class=\"_brlbs-slider\"><\/span><span class=\"_brlbs-btn-switch-status\" data-active=\"On\" data-inactive=\"Off\" aria-hidden=\"true\"><\/span><\/label><label class=\"_brlbs-title\" for=\"borlabs-cookie-google-analytics\">Google Analytics<\/label><\/div><\/code><\/p>\n<p>En este caso, se instalar\u00e1 un cookie de inhabilitaci\u00f3n permanente (nombre: \u00abga-disable-UA-[&#8230;.]\u00bb) en su navegador, que impedir\u00e1 que se almacenen sus datos en el futuro cuando visite nuestros sitios web con este navegador. Si utiliza otro navegador, Google Analytics se activar\u00e1 por lo general a menos que el cookie de inhabilitaci\u00f3n tambi\u00e9n est\u00e9 configurado en este navegador. Tenga en cuenta que Google Analytics se reactivar\u00e1 si elimina la cookie de inhabilitaci\u00f3n anterior en su navegador.<\/p>\n<p><b>III. Transferencias a terceros<\/b><\/p>\n<p>Sus datos personales podr\u00e1n ser transferidos a las siguientes categor\u00edas de destinatarios:<\/p>\n<p>\u2022 Proveedores de servicios inform\u00e1ticos que nos proporcionan la infraestructura inform\u00e1tica, bases de datos y herramientas para nuestros sitios web y servicios, como el env\u00edo de boletines y correos electr\u00f3nicos informativos, que elaboran an\u00e1lisis del comportamiento de los usuarios en nuestros sitios web y que procesan sus datos personales en nuestro nombre, de conformidad con los requisitos legales.<\/p>\n\t\t\t\t\t\t<\/div>\n\t\t\t\t<\/div>\n\t\t\t\t\t<\/div>\n\t\t<\/div>\n\t\t\t\t\t<\/div>\n\t\t<\/section>\n\t\t\t\t<\/div>\n\t\t","protected":false},"excerpt":{"rendered":"<p>Protecci\u00f3n de datos Configuraci\u00f3n de cookies Esta informaci\u00f3n sobre protecci\u00f3n de datos le informa sobre el procesamiento de sus datos personales cuando visita los sitios web de HMG Systems Engineering GmbH y utiliza los servicios que all\u00ed se ofrecen. Seg\u00fan el Reglamento General de Protecci\u00f3n de Datos (RGPD), los datos personales son cualquier informaci\u00f3n relativa [&hellip;]<\/p>\n","protected":false},"author":3,"featured_media":0,"parent":0,"menu_order":0,"comment_status":"closed","ping_status":"closed","template":"","meta":{"_monsterinsights_skip_tracking":false,"_monsterinsights_sitenote_active":false,"_monsterinsights_sitenote_note":"","_monsterinsights_sitenote_category":0,"footnotes":""},"class_list":["post-22765","page","type-page","status-publish","hentry"],"yoast_head":"<!-- This site is optimized with the Yoast SEO plugin v25.0 - https:\/\/yoast.com\/wordpress\/plugins\/seo\/ -->\n<title>Protecci\u00f3n de datos - HMG Systems Engineering GmbH<\/title>\n<meta name=\"robots\" content=\"index, follow, max-snippet:-1, max-image-preview:large, max-video-preview:-1\" \/>\n<link rel=\"canonical\" href=\"https:\/\/www.hmg-systems-engineering.com\/es\/proteccion-de-datos\/\" \/>\n<meta property=\"og:locale\" content=\"es_ES\" \/>\n<meta property=\"og:type\" content=\"article\" \/>\n<meta property=\"og:title\" content=\"Protecci\u00f3n de datos - HMG Systems Engineering GmbH\" \/>\n<meta property=\"og:description\" content=\"Protecci\u00f3n de datos Configuraci\u00f3n de cookies Esta informaci\u00f3n sobre protecci\u00f3n de datos le informa sobre el procesamiento de sus datos personales cuando visita los sitios web de HMG Systems Engineering GmbH y utiliza los servicios que all\u00ed se ofrecen. Seg\u00fan el Reglamento General de Protecci\u00f3n de Datos (RGPD), los datos personales son cualquier informaci\u00f3n relativa [&hellip;]\" \/>\n<meta property=\"og:url\" content=\"https:\/\/www.hmg-systems-engineering.com\/es\/proteccion-de-datos\/\" \/>\n<meta property=\"og:site_name\" content=\"HMG Systems Engineering GmbH\" \/>\n<meta property=\"article:modified_time\" content=\"2023-08-04T07:35:39+00:00\" \/>\n<meta name=\"twitter:card\" content=\"summary_large_image\" \/>\n<meta name=\"twitter:label1\" content=\"Tiempo de lectura\" \/>\n\t<meta name=\"twitter:data1\" content=\"9 minutos\" \/>\n<script type=\"application\/ld+json\" class=\"yoast-schema-graph\">{\"@context\":\"https:\/\/schema.org\",\"@graph\":[{\"@type\":\"WebPage\",\"@id\":\"https:\/\/www.hmg-systems-engineering.com\/es\/proteccion-de-datos\/\",\"url\":\"https:\/\/www.hmg-systems-engineering.com\/es\/proteccion-de-datos\/\",\"name\":\"Protecci\u00f3n de datos - HMG Systems Engineering GmbH\",\"isPartOf\":{\"@id\":\"https:\/\/www.hmg-systems-engineering.com\/#website\"},\"datePublished\":\"2022-04-20T06:33:14+00:00\",\"dateModified\":\"2023-08-04T07:35:39+00:00\",\"breadcrumb\":{\"@id\":\"https:\/\/www.hmg-systems-engineering.com\/es\/proteccion-de-datos\/#breadcrumb\"},\"inLanguage\":\"es\",\"potentialAction\":[{\"@type\":\"ReadAction\",\"target\":[\"https:\/\/www.hmg-systems-engineering.com\/es\/proteccion-de-datos\/\"]}]},{\"@type\":\"BreadcrumbList\",\"@id\":\"https:\/\/www.hmg-systems-engineering.com\/es\/proteccion-de-datos\/#breadcrumb\",\"itemListElement\":[{\"@type\":\"ListItem\",\"position\":1,\"name\":\"Startseite\",\"item\":\"https:\/\/www.hmg-systems-engineering.com\/es\/\"},{\"@type\":\"ListItem\",\"position\":2,\"name\":\"Protecci\u00f3n de datos\"}]},{\"@type\":\"WebSite\",\"@id\":\"https:\/\/www.hmg-systems-engineering.com\/#website\",\"url\":\"https:\/\/www.hmg-systems-engineering.com\/\",\"name\":\"HMG Systems Engineering GmbH\",\"description\":\"Wir sind Experten in der Entwicklung innovativer Systeme\",\"publisher\":{\"@id\":\"https:\/\/www.hmg-systems-engineering.com\/#organization\"},\"potentialAction\":[{\"@type\":\"SearchAction\",\"target\":{\"@type\":\"EntryPoint\",\"urlTemplate\":\"https:\/\/www.hmg-systems-engineering.com\/?s={search_term_string}\"},\"query-input\":{\"@type\":\"PropertyValueSpecification\",\"valueRequired\":true,\"valueName\":\"search_term_string\"}}],\"inLanguage\":\"es\"},{\"@type\":\"Organization\",\"@id\":\"https:\/\/www.hmg-systems-engineering.com\/#organization\",\"name\":\"HMG Systems Engineering GmbH\",\"url\":\"https:\/\/www.hmg-systems-engineering.com\/\",\"logo\":{\"@type\":\"ImageObject\",\"inLanguage\":\"es\",\"@id\":\"https:\/\/www.hmg-systems-engineering.com\/#\/schema\/logo\/image\/\",\"url\":\"https:\/\/www.hmg-systems-engineering.com\/wp-content\/uploads\/2021\/11\/HMG_Logo_A_300dpi_transparent-1.png\",\"contentUrl\":\"https:\/\/www.hmg-systems-engineering.com\/wp-content\/uploads\/2021\/11\/HMG_Logo_A_300dpi_transparent-1.png\",\"width\":1181,\"height\":472,\"caption\":\"HMG Systems Engineering GmbH\"},\"image\":{\"@id\":\"https:\/\/www.hmg-systems-engineering.com\/#\/schema\/logo\/image\/\"}}]}<\/script>\n<!-- \/ Yoast SEO plugin. -->","yoast_head_json":{"title":"Protecci\u00f3n de datos - HMG Systems Engineering GmbH","robots":{"index":"index","follow":"follow","max-snippet":"max-snippet:-1","max-image-preview":"max-image-preview:large","max-video-preview":"max-video-preview:-1"},"canonical":"https:\/\/www.hmg-systems-engineering.com\/es\/proteccion-de-datos\/","og_locale":"es_ES","og_type":"article","og_title":"Protecci\u00f3n de datos - HMG Systems Engineering GmbH","og_description":"Protecci\u00f3n de datos Configuraci\u00f3n de cookies Esta informaci\u00f3n sobre protecci\u00f3n de datos le informa sobre el procesamiento de sus datos personales cuando visita los sitios web de HMG Systems Engineering GmbH y utiliza los servicios que all\u00ed se ofrecen. Seg\u00fan el Reglamento General de Protecci\u00f3n de Datos (RGPD), los datos personales son cualquier informaci\u00f3n relativa [&hellip;]","og_url":"https:\/\/www.hmg-systems-engineering.com\/es\/proteccion-de-datos\/","og_site_name":"HMG Systems Engineering GmbH","article_modified_time":"2023-08-04T07:35:39+00:00","twitter_card":"summary_large_image","twitter_misc":{"Tiempo de lectura":"9 minutos"},"schema":{"@context":"https:\/\/schema.org","@graph":[{"@type":"WebPage","@id":"https:\/\/www.hmg-systems-engineering.com\/es\/proteccion-de-datos\/","url":"https:\/\/www.hmg-systems-engineering.com\/es\/proteccion-de-datos\/","name":"Protecci\u00f3n de datos - HMG Systems Engineering GmbH","isPartOf":{"@id":"https:\/\/www.hmg-systems-engineering.com\/#website"},"datePublished":"2022-04-20T06:33:14+00:00","dateModified":"2023-08-04T07:35:39+00:00","breadcrumb":{"@id":"https:\/\/www.hmg-systems-engineering.com\/es\/proteccion-de-datos\/#breadcrumb"},"inLanguage":"es","potentialAction":[{"@type":"ReadAction","target":["https:\/\/www.hmg-systems-engineering.com\/es\/proteccion-de-datos\/"]}]},{"@type":"BreadcrumbList","@id":"https:\/\/www.hmg-systems-engineering.com\/es\/proteccion-de-datos\/#breadcrumb","itemListElement":[{"@type":"ListItem","position":1,"name":"Startseite","item":"https:\/\/www.hmg-systems-engineering.com\/es\/"},{"@type":"ListItem","position":2,"name":"Protecci\u00f3n de datos"}]},{"@type":"WebSite","@id":"https:\/\/www.hmg-systems-engineering.com\/#website","url":"https:\/\/www.hmg-systems-engineering.com\/","name":"HMG Systems Engineering GmbH","description":"Wir sind Experten in der Entwicklung innovativer Systeme","publisher":{"@id":"https:\/\/www.hmg-systems-engineering.com\/#organization"},"potentialAction":[{"@type":"SearchAction","target":{"@type":"EntryPoint","urlTemplate":"https:\/\/www.hmg-systems-engineering.com\/?s={search_term_string}"},"query-input":{"@type":"PropertyValueSpecification","valueRequired":true,"valueName":"search_term_string"}}],"inLanguage":"es"},{"@type":"Organization","@id":"https:\/\/www.hmg-systems-engineering.com\/#organization","name":"HMG Systems Engineering GmbH","url":"https:\/\/www.hmg-systems-engineering.com\/","logo":{"@type":"ImageObject","inLanguage":"es","@id":"https:\/\/www.hmg-systems-engineering.com\/#\/schema\/logo\/image\/","url":"https:\/\/www.hmg-systems-engineering.com\/wp-content\/uploads\/2021\/11\/HMG_Logo_A_300dpi_transparent-1.png","contentUrl":"https:\/\/www.hmg-systems-engineering.com\/wp-content\/uploads\/2021\/11\/HMG_Logo_A_300dpi_transparent-1.png","width":1181,"height":472,"caption":"HMG Systems Engineering GmbH"},"image":{"@id":"https:\/\/www.hmg-systems-engineering.com\/#\/schema\/logo\/image\/"}}]}},"_links":{"self":[{"href":"https:\/\/www.hmg-systems-engineering.com\/es\/wp-json\/wp\/v2\/pages\/22765","targetHints":{"allow":["GET"]}}],"collection":[{"href":"https:\/\/www.hmg-systems-engineering.com\/es\/wp-json\/wp\/v2\/pages"}],"about":[{"href":"https:\/\/www.hmg-systems-engineering.com\/es\/wp-json\/wp\/v2\/types\/page"}],"author":[{"embeddable":true,"href":"https:\/\/www.hmg-systems-engineering.com\/es\/wp-json\/wp\/v2\/users\/3"}],"replies":[{"embeddable":true,"href":"https:\/\/www.hmg-systems-engineering.com\/es\/wp-json\/wp\/v2\/comments?post=22765"}],"version-history":[{"count":0,"href":"https:\/\/www.hmg-systems-engineering.com\/es\/wp-json\/wp\/v2\/pages\/22765\/revisions"}],"wp:attachment":[{"href":"https:\/\/www.hmg-systems-engineering.com\/es\/wp-json\/wp\/v2\/media?parent=22765"}],"curies":[{"name":"wp","href":"https:\/\/api.w.org\/{rel}","templated":true}]}}